{"id":86,"date":"2023-03-30T18:06:10","date_gmt":"2023-03-30T18:06:10","guid":{"rendered":"https:\/\/szkolalutowiska.pl\/?page_id=86"},"modified":"2026-03-31T17:07:57","modified_gmt":"2026-03-31T17:07:57","slug":"deklaracja-dostepnosci-strony","status":"publish","type":"page","link":"https:\/\/szkolalutowiska.pl\/?page_id=86","title":{"rendered":"Deklaracja dost\u0119pno\u015bci strony"},"content":{"rendered":"\n<h1>Deklaracja Dost\u0119pno\u015bci dla strony internetowej https:\/\/szkolalutowiska.pl\/<\/h1>\n<p id=\"a11y-wstep\">\n<span id=\"a11y-podmiot\">Zesp\u00f3\u0142 Szk\u00f3\u0142 w Lutowiskach<\/span>  zobowi\u0105zuje si\u0119 zapewni\u0107 dost\u0119pno\u015b\u0107 swojej strony internetowej zgodnie z przepisami ustawy z dnia 4 kwietnia 2019 r. o dost\u0119pno\u015bci cyfrowej stron internetowych i aplikacji mobilnych podmiot\u00f3w publicznych. O\u015bwiadczenie w sprawie dost\u0119pno\u015bci ma zastosowanie do  \n<a href=\"https:\/\/szkolalutowiska.pl\/\" id=\"a11y-url\" target=\"_blank\" rel=\"noopener\">Strony internetowej Zespo\u0142u Szk\u00f3\u0142 w Lutowiskach<\/a>.<\/p>\n<ul>\n  <li>Data publikacji strony internetowej:  \n  <span id=\"a11y-data-publikacja\">2023-03-20<\/span>.<\/li>\n  <li>Data ostatniej istotnej aktualizacji:  \n  <span id=\"a11y-data-aktualizacja\">2023-03-20<\/span>.<\/li>\n<\/ul>\n<section>\n  <h2>Status zgodno\u015bci z ustaw\u0105<\/h2>\n  <p id=\"a11y-status\">\n  <strong>Strona internetowa jest zgodna<\/strong>  z ustaw\u0105 z dnia 4 kwietnia 2019 r. o dost\u0119pno\u015bci cyfrowej stron internetowych i aplikacji mobilnych podmiot\u00f3w publicznych.<\/p>\n<\/section>\n<section>\n  <h2>Przygotowanie deklaracji dost\u0119pno\u015bci<\/h2>\n  <p>O\u015bwiadczenie sporz\u0105dzono dnia:  \n  <span id=\"a11y-data-sporzadzenie\">2023-03-30<\/span>.<\/p>\n  <p>Deklaracj\u0119 sporz\u0105dzono na podstawie samooceny przeprowadzonej przez podmiot publiczny.<\/p>\n  <p>Data ostatniego przegl\u0105du deklaracji:  \n  <span id=\"a11y-data-przeglad\">2023-03-30<\/span>.<\/p>\n<\/section>\n<section>\n  <h2>Skr\u00f3ty klawiaturowe<\/h2>\n  <ul>\n    <li>Na stronie mo\u017cna u\u017cywa\u0107 standardowych skr\u00f3t\u00f3w klawiaturowych.<\/li>\n  <\/ul>\n<\/section>\n<section>\n  <h2 id=\"a11y-kontakt\">Informacje zwrotne i dane kontaktowe<\/h2>\n  <p>W przypadku problem\u00f3w z dost\u0119pno\u015bci\u0105 strony internetowej prosimy o kontakt. Osob\u0105 kontaktow\u0105 jest  \n  <span id=\"a11y-osoba\">Beata Krukowska<\/span>,  \n  <a href=\"mailto:lutowiska@op.pl\" title=\"Adres e-mail do osoby kontaktowej w sprawie dost\u0119pno\u015bci.\">\n    <span id=\"a11y-email\">lutowiska@op.pl<\/span>\n  <\/a>. Kontaktowa\u0107 mo\u017cna si\u0119 tak\u017ce dzwoni\u0105c na numer telefonu  \n  <a href=\"tel:134610025\">\n    <span id=\"a11y-telefon\">134610025<\/span>\n  <\/a>. T\u0105 sam\u0105 drog\u0105 mo\u017cna sk\u0142ada\u0107 wnioski o udost\u0119pnienie informacji niedost\u0119pnej oraz sk\u0142ada\u0107 skargi na brak zapewnienia dost\u0119pno\u015bci.<\/p>\n  <section>\n    <h3>Obs\u0142uga wniosk\u00f3w i skarg zwi\u0105zanych z dost\u0119pno\u015bci\u0105<\/h3>\n    <p id=\"a11y-procedura\">Ka\u017cdy ma prawo do wyst\u0105pienia z \u017c\u0105daniem zapewnienia dost\u0119pno\u015bci cyfrowej strony internetowej, aplikacji mobilnej lub jakiego\u015b ich elementu. Mo\u017cna tak\u017ce za\u017c\u0105da\u0107 udost\u0119pnienia informacji za pomoc\u0105 alternatywnego sposobu dost\u0119pu, na przyk\u0142ad przez odczytanie niedost\u0119pnego cyfrowo dokumentu, opisanie zawarto\u015bci filmu bez audiodeskrypcji itp. \u017b\u0105danie powinno zawiera\u0107 dane osoby zg\u0142aszaj\u0105cej \u017c\u0105danie, wskazanie, o kt\u00f3r\u0105 stron\u0119 internetow\u0105 lub aplikacj\u0119 mobiln\u0105 chodzi oraz spos\u00f3b kontaktu. Je\u017celi osoba \u017c\u0105daj\u0105ca zg\u0142asza potrzeb\u0119 otrzymania informacji za pomoc\u0105 alternatywnego sposobu dost\u0119pu, powinna tak\u017ce okre\u015bli\u0107 dogodny dla niej spos\u00f3b przedstawienia tej informacji. Podmiot publiczny powinien zrealizowa\u0107 \u017c\u0105danie niezw\u0142ocznie, nie p\u00f3\u017aniej ni\u017c w ci\u0105gu 7 dni od dnia wyst\u0105pienia z \u017c\u0105daniem. Je\u017celi dotrzymanie tego terminu nie jest mo\u017cliwe, podmiot publiczny niezw\u0142ocznie informuje o tym wnosz\u0105cego \u017c\u0105danie, kiedy realizacja \u017c\u0105dania b\u0119dzie mo\u017cliwa, przy czym termin ten nie mo\u017ce by\u0107 d\u0142u\u017cszy ni\u017c 2 miesi\u0105ce od dnia wyst\u0105pienia z \u017c\u0105daniem. Je\u017celi zapewnienie dost\u0119pno\u015bci cyfrowej nie jest mo\u017cliwe, podmiot publiczny mo\u017ce zaproponowa\u0107 alternatywny spos\u00f3b dost\u0119pu do informacji. W przypadku, gdy podmiot publiczny odm\u00f3wi realizacji \u017c\u0105dania zapewnienia dost\u0119pno\u015bci lub alternatywnego sposobu dost\u0119pu do informacji, wnosz\u0105cy \u017c\u0105danie mo\u017cne z\u0142o\u017cy\u0107 skarg\u0119 w sprawie zapewniana dost\u0119pno\u015bci cyfrowej strony internetowej, aplikacji mobilnej lub elementu strony internetowej, lub aplikacji mobilnej. Po wyczerpaniu wskazanej wy\u017cej procedury mo\u017cna tak\u017ce z\u0142o\u017cy\u0107 wniosek do Rzecznika Praw Obywatelskich.<\/p>\n    <p>\n      <a href=\"https:\/\/www.rpo.gov.pl\/content\/jak-zglosic-sie-do-rzecznika-praw-obywatelskich\" target=\"_blank\" rel=\"noopener\">Strona internetowa Rzecznika Praw Obywatelskich<\/a>\n    <\/p>\n  <\/section>\n<\/section>\n<section>\n  <h2 id=\"a11y-architektura\">Dost\u0119pno\u015b\u0107 architektoniczna<\/h2>\n  \n  <p>Zesp\u00f3\u0142 Szk\u00f3\u0142 w Lutowiskach, Lutowiska 45, 38-713 Lutowiska\n  <br \/>\n  <br \/>1. W budynku znajduje si\u0119 6 wej\u015b\u0107. Brak podjazdu dla w\u00f3zk\u00f3w.\n  <br \/>2. Brak windy. Schody i korytarze spe\u0142niaj\u0105 normy szeroko\u015bci. Schody posiadaj\u0105 spocznik.\n  <br \/>3. S\u0105 pochylnie. Brak platform, informacji g\u0142osowych, p\u0119tli indukcyjnych.\n  <br \/>4. Przy budynku znajduje si\u0119 1 miejsce parkingowe wyznaczone dla os\u00f3b niepe\u0142nosprawnych. Kolejne miejsca parkingowe wyznaczone dla os\u00f3b niepe\u0142nosprawnych znajduj\u0105 si\u0119 przy urz\u0119dzie gminy.\n  <br \/>5. Prawo wst\u0119pu z psem asystuj\u0105cym nie zosta\u0142o uregulowane.\n  <br \/>6. Brak mo\u017cliwo\u015bci skorzystania z t\u0142umacza j\u0119zyka migowego na miejscu lub online.\n  <br \/>7. W budynku znajduj\u0105 si\u0119 toalety dla os\u00f3b niepe\u0142nosprawnych.\n  <br \/>8. Jest mo\u017cliwo\u015b\u0107 wyj\u015bcia do osoby niepe\u0142nosprawnej.<\/p>\n<\/section>\n<section>\n  <h2 id=\"a11y-aplikacje\">Aplikacje mobilne<\/h2>\n  <p>brak<\/p>\n<\/section>\n<section>\n  <section>\n    <h2>Dodatkowe informacje<\/h2>\n  <\/section>\n<\/section>\n\n\n\n<div class=\"wp-block-file\"><a id=\"wp-block-file--media-6412255a-92dc-499e-b2b4-38d36c436d38\" href=\"https:\/\/szkolalutowiska.pl\/wp-content\/uploads\/2023\/03\/Monitor-Deklaracji-Dostepnosci.pdf\">Sprawdzenia dokonano 30.03.2023<\/a><a href=\"https:\/\/szkolalutowiska.pl\/wp-content\/uploads\/2023\/03\/Monitor-Deklaracji-Dostepnosci.pdf\" class=\"wp-block-file__button wp-element-button\" download aria-describedby=\"wp-block-file--media-6412255a-92dc-499e-b2b4-38d36c436d38\">Pobierz<\/a><\/div>\n\n\n\n<div class=\"wp-block-file\"><a id=\"wp-block-file--media-6412255a-92dc-499e-b2b4-38d36c436d38\" href=\"https:\/\/szkolalutowiska.pl\/wp-content\/uploads\/2024\/03\/audyt-deklaracji-dostepnosci-szkolalutowiska-2024.pdf\">Sprawdzenia dokonano 18.03.2024<\/a><a href=\"https:\/\/szkolalutowiska.pl\/wp-content\/uploads\/2024\/03\/audyt-deklaracji-dostepnosci-szkolalutowiska-2024.pdf\" class=\"wp-block-file__button wp-element-button\" download aria-describedby=\"wp-block-file--media-6412255a-92dc-499e-b2b4-38d36c436d38\">Pobierz<\/a><\/div>\n\n\n\n<div class=\"wp-block-file\"><a id=\"wp-block-file--media-5c9b5ce2-c15d-4dc4-b740-c40b2e2bb30a\" href=\"https:\/\/szkolalutowiska.pl\/wp-content\/uploads\/2025\/03\/Monitor-Deklaracji-Dostepnosci-24.pdf\">Sprawdzenia dokonano 26.03.2025<\/a><a href=\"https:\/\/szkolalutowiska.pl\/wp-content\/uploads\/2025\/03\/Monitor-Deklaracji-Dostepnosci-24.pdf\" class=\"wp-block-file__button wp-element-button\" download aria-describedby=\"wp-block-file--media-5c9b5ce2-c15d-4dc4-b740-c40b2e2bb30a\">Pobierz<\/a><\/div>\n\n\n\n<div class=\"wp-block-file\"><a id=\"wp-block-file--media-6c08feab-84df-45f7-9739-6620ffa3e33e\" href=\"https:\/\/szkolalutowiska.pl\/wp-content\/uploads\/2026\/03\/Monitor-Deklaracji-Dostepnosci.pdf\">Sprawdzenia dokonano 31.03.2026<\/a><a href=\"https:\/\/szkolalutowiska.pl\/wp-content\/uploads\/2026\/03\/Monitor-Deklaracji-Dostepnosci.pdf\" class=\"wp-block-file__button wp-element-button\" download aria-describedby=\"wp-block-file--media-6c08feab-84df-45f7-9739-6620ffa3e33e\">Pobierz<\/a><\/div>\n\n\n\n<p><\/p>\n","protected":false},"excerpt":{"rendered":"<p>Deklaracja Dost\u0119pno\u015bci dla strony internetowej https:\/\/szkolalutowiska.pl\/ Zesp\u00f3\u0142 Szk\u00f3\u0142 w Lutowiskach zobowi\u0105zuje si\u0119 zapewni\u0107 dost\u0119pno\u015b\u0107 swojej strony internetowej zgodnie z przepisami ustawy z dnia 4 kwietnia 2019 r. o dost\u0119pno\u015bci cyfrowej stron internetowych i aplikacji mobilnych podmiot\u00f3w publicznych. O\u015bwiadczenie w sprawie &hellip; <a class=\"kt-excerpt-readmore more-link\" href=\"https:\/\/szkolalutowiska.pl\/?page_id=86\">Read More<\/a><\/p>\n","protected":false},"author":1,"featured_media":0,"parent":0,"menu_order":0,"comment_status":"closed","ping_status":"closed","template":"","meta":{"kt_blocks_editor_width":"","footnotes":""},"class_list":["post-86","page","type-page","status-publish","hentry"],"_links":{"self":[{"href":"https:\/\/szkolalutowiska.pl\/index.php?rest_route=\/wp\/v2\/pages\/86","targetHints":{"allow":["GET"]}}],"collection":[{"href":"https:\/\/szkolalutowiska.pl\/index.php?rest_route=\/wp\/v2\/pages"}],"about":[{"href":"https:\/\/szkolalutowiska.pl\/index.php?rest_route=\/wp\/v2\/types\/page"}],"author":[{"embeddable":true,"href":"https:\/\/szkolalutowiska.pl\/index.php?rest_route=\/wp\/v2\/users\/1"}],"replies":[{"embeddable":true,"href":"https:\/\/szkolalutowiska.pl\/index.php?rest_route=%2Fwp%2Fv2%2Fcomments&post=86"}],"version-history":[{"count":7,"href":"https:\/\/szkolalutowiska.pl\/index.php?rest_route=\/wp\/v2\/pages\/86\/revisions"}],"predecessor-version":[{"id":3138,"href":"https:\/\/szkolalutowiska.pl\/index.php?rest_route=\/wp\/v2\/pages\/86\/revisions\/3138"}],"wp:attachment":[{"href":"https:\/\/szkolalutowiska.pl\/index.php?rest_route=%2Fwp%2Fv2%2Fmedia&parent=86"}],"curies":[{"name":"wp","href":"https:\/\/api.w.org\/{rel}","templated":true}]}}