{"id":62,"date":"2023-03-30T17:41:42","date_gmt":"2023-03-30T17:41:42","guid":{"rendered":"https:\/\/szkolalutowiska.pl\/?page_id=62"},"modified":"2023-03-30T17:41:43","modified_gmt":"2023-03-30T17:41:43","slug":"zdalna-szkola-2","status":"publish","type":"page","link":"https:\/\/szkolalutowiska.pl\/?page_id=62","title":{"rendered":"Zdalna szko\u0142a"},"content":{"rendered":"\n<p>Gmina Lutowiska we wsp\u00f3\u0142pracy z Zespo\u0142em Szk\u00f3\u0142 w Lutowiskach w ramach projektu \u201eZdalna Szko\u0142a\u201d pozyska\u0142a grant w wysoko\u015bci 40 000 z\u0142 na zakup sprz\u0119tu dla uczni\u00f3w.<\/p>\n\n\n\n<p>Projekt jest odpowiedzi\u0105 na obecn\u0105 sytuacj\u0119 szkolnictwa, zwi\u0105zan\u0105 z wprowadzeniem na obszarze Rzeczypospolitej Polskiej stanu epidemii, spowodowanym zaka\u017ceniami koronawirusem. Laptopy umo\u017cliwi\u0105 dzieciom, kt\u00f3re nie mia\u0142y dotychczas takiej mo\u017cliwo\u015bci, kontynuowanie realizacji podstawy programowej w warunkach domowych.<\/p>\n\n\n\n<p>&nbsp;Projekt jest realizowany w ramach Programu Operacyjnego Polska Cyfrowa na lata 2014-2020, Osi Priorytetowej nr I \u201ePowszechny dost\u0119p do szybkiego Internetu\u201d dzia\u0142ania 1. 1 \u201eWyeliminowanie terytorialnych r\u00f3\u017cnic w mo\u017cliwo\u015bci dost\u0119pu do szerokopasmowego internetu o wysokich przepustowo\u015bciach\u201d dotycz\u0105ca realizacji projektu grantowego pn.: Zdalna Szko\u0142a \u2013 wsparcie Og\u00f3lnopolskiej Sieci Edukacyjnej w systemie kszta\u0142cenia zdalnego w ramach Europejskiego Funduszu Rozwoju Regionalnego.<\/p>\n\n\n\n<p>Dzia\u0142anie jest finansowane ze \u015brodk\u00f3w Europejskiego Funduszu Rozwoju Regionalnego w ramach Programu Operacyjnego Polska Cyfrowa na lata 2014-2020.<\/p>\n\n\n\n<figure class=\"wp-block-image size-full\"><img loading=\"lazy\" decoding=\"async\" width=\"761\" height=\"85\" src=\"https:\/\/szkolalutowiska.pl\/wp-content\/uploads\/2023\/03\/image-4.png\" alt=\"\" class=\"wp-image-63\" srcset=\"https:\/\/szkolalutowiska.pl\/wp-content\/uploads\/2023\/03\/image-4.png 761w, https:\/\/szkolalutowiska.pl\/wp-content\/uploads\/2023\/03\/image-4-300x34.png 300w\" sizes=\"auto, (max-width: 761px) 100vw, 761px\" \/><\/figure>\n","protected":false},"excerpt":{"rendered":"<p>Gmina Lutowiska we wsp\u00f3\u0142pracy z Zespo\u0142em Szk\u00f3\u0142 w Lutowiskach w ramach projektu \u201eZdalna Szko\u0142a\u201d pozyska\u0142a grant w wysoko\u015bci 40 000 z\u0142 na zakup sprz\u0119tu dla uczni\u00f3w. Projekt jest odpowiedzi\u0105 na obecn\u0105 sytuacj\u0119 szkolnictwa, zwi\u0105zan\u0105 z wprowadzeniem na obszarze Rzeczypospolitej Polskiej &hellip; <a class=\"kt-excerpt-readmore more-link\" href=\"https:\/\/szkolalutowiska.pl\/?page_id=62\">Read More<\/a><\/p>\n","protected":false},"author":1,"featured_media":0,"parent":0,"menu_order":0,"comment_status":"closed","ping_status":"closed","template":"","meta":{"kt_blocks_editor_width":"","footnotes":""},"class_list":["post-62","page","type-page","status-publish","hentry"],"_links":{"self":[{"href":"https:\/\/szkolalutowiska.pl\/index.php?rest_route=\/wp\/v2\/pages\/62","targetHints":{"allow":["GET"]}}],"collection":[{"href":"https:\/\/szkolalutowiska.pl\/index.php?rest_route=\/wp\/v2\/pages"}],"about":[{"href":"https:\/\/szkolalutowiska.pl\/index.php?rest_route=\/wp\/v2\/types\/page"}],"author":[{"embeddable":true,"href":"https:\/\/szkolalutowiska.pl\/index.php?rest_route=\/wp\/v2\/users\/1"}],"replies":[{"embeddable":true,"href":"https:\/\/szkolalutowiska.pl\/index.php?rest_route=%2Fwp%2Fv2%2Fcomments&post=62"}],"version-history":[{"count":1,"href":"https:\/\/szkolalutowiska.pl\/index.php?rest_route=\/wp\/v2\/pages\/62\/revisions"}],"predecessor-version":[{"id":65,"href":"https:\/\/szkolalutowiska.pl\/index.php?rest_route=\/wp\/v2\/pages\/62\/revisions\/65"}],"wp:attachment":[{"href":"https:\/\/szkolalutowiska.pl\/index.php?rest_route=%2Fwp%2Fv2%2Fmedia&parent=62"}],"curies":[{"name":"wp","href":"https:\/\/api.w.org\/{rel}","templated":true}]}}