{"id":26,"date":"2023-03-30T16:17:47","date_gmt":"2023-03-30T16:17:47","guid":{"rendered":"https:\/\/szkolalutowiska.pl\/?page_id=26"},"modified":"2023-03-30T17:31:04","modified_gmt":"2023-03-30T17:31:04","slug":"w-skrocie-o-szkole","status":"publish","type":"page","link":"https:\/\/szkolalutowiska.pl\/?page_id=26","title":{"rendered":"W skr\u00f3cie o szkole"},"content":{"rendered":"\n<p>Siedziba Zespo\u0142u Szk\u00f3\u0142 mie\u015bci si\u0119 w Lutowiskach pn. 45. W sk\u0142ad zespo\u0142u wchodz\u0105:<br>1. Szko\u0142a Podstawowa im. Wojsk Ochrony Pogranicza w Lutowiskach<br>2. Oddzia\u0142 Przedszkolny<br>3. Szkolne Schronisko w Lutowiskach i Stuposianach<\/p>\n\n\n\n<p>W ramach projektu Ministerstwa Edukacji Narodowej wsp\u00f3\u0142finansowanego przez Europejski Fundusz Spo\u0142eczny i Uni\u0119 Europejsk\u0105 \u201e Pracownie komputerowe dla szk\u00f3\u0142\u201d, w szkole funkcjonuje dwie pracownie komputerowe sk\u0142adaj\u0105c\u0105 si\u0119 z dwudziestu komputer\u00f3w z oprogramowaniem, dw\u00f3ch drukarek, laptop\u00f3w i projektor\u00f3w multimedialnych.<br>W 2008 otrzymali\u015bmy Internetowe Centrum Informacji Multimedialnej dla Biblioteki Szkolnej sk\u0142adaj\u0105ce si\u0119 z czterech komputer\u00f3w z oprogramowaniem i wielofunkcyjnego urz\u0105dzenia sieciowego. Projekt ten by\u0142 wsp\u00f3\u0142finansowany przez Europejski Fundusz Spo\u0142eczny i Uni\u0119 Europejsk\u0105.<\/p>\n\n\n\n<figure class=\"wp-block-image size-full\"><img loading=\"lazy\" decoding=\"async\" width=\"300\" height=\"225\" src=\"https:\/\/szkolalutowiska.pl\/wp-content\/uploads\/2023\/03\/image-1.png\" alt=\"\" class=\"wp-image-49\"\/><\/figure>\n","protected":false},"excerpt":{"rendered":"<p>Siedziba Zespo\u0142u Szk\u00f3\u0142 mie\u015bci si\u0119 w Lutowiskach pn. 45. W sk\u0142ad zespo\u0142u wchodz\u0105:1. Szko\u0142a Podstawowa im. Wojsk Ochrony Pogranicza w Lutowiskach2. Oddzia\u0142 Przedszkolny3. Szkolne Schronisko w Lutowiskach i Stuposianach W ramach projektu Ministerstwa Edukacji Narodowej wsp\u00f3\u0142finansowanego przez Europejski Fundusz Spo\u0142eczny &hellip; <a class=\"kt-excerpt-readmore more-link\" href=\"https:\/\/szkolalutowiska.pl\/?page_id=26\">Read More<\/a><\/p>\n","protected":false},"author":1,"featured_media":0,"parent":0,"menu_order":0,"comment_status":"closed","ping_status":"closed","template":"","meta":{"kt_blocks_editor_width":"","footnotes":""},"class_list":["post-26","page","type-page","status-publish","hentry"],"_links":{"self":[{"href":"https:\/\/szkolalutowiska.pl\/index.php?rest_route=\/wp\/v2\/pages\/26","targetHints":{"allow":["GET"]}}],"collection":[{"href":"https:\/\/szkolalutowiska.pl\/index.php?rest_route=\/wp\/v2\/pages"}],"about":[{"href":"https:\/\/szkolalutowiska.pl\/index.php?rest_route=\/wp\/v2\/types\/page"}],"author":[{"embeddable":true,"href":"https:\/\/szkolalutowiska.pl\/index.php?rest_route=\/wp\/v2\/users\/1"}],"replies":[{"embeddable":true,"href":"https:\/\/szkolalutowiska.pl\/index.php?rest_route=%2Fwp%2Fv2%2Fcomments&post=26"}],"version-history":[{"count":2,"href":"https:\/\/szkolalutowiska.pl\/index.php?rest_route=\/wp\/v2\/pages\/26\/revisions"}],"predecessor-version":[{"id":50,"href":"https:\/\/szkolalutowiska.pl\/index.php?rest_route=\/wp\/v2\/pages\/26\/revisions\/50"}],"wp:attachment":[{"href":"https:\/\/szkolalutowiska.pl\/index.php?rest_route=%2Fwp%2Fv2%2Fmedia&parent=26"}],"curies":[{"name":"wp","href":"https:\/\/api.w.org\/{rel}","templated":true}]}}