{"id":23,"date":"2023-03-30T16:17:14","date_gmt":"2023-03-30T16:17:14","guid":{"rendered":"https:\/\/szkolalutowiska.pl\/?page_id=23"},"modified":"2023-03-30T18:23:19","modified_gmt":"2023-03-30T18:23:19","slug":"szkola","status":"publish","type":"page","link":"https:\/\/szkolalutowiska.pl\/?page_id=23","title":{"rendered":"Szko\u0142a"},"content":{"rendered":"\n<p class=\"has-ascend-primary-light-color has-text-color has-medium-font-size\"><a href=\"https:\/\/szkolalutowiska.pl\/?page_id=26\" data-type=\"URL\" data-id=\"https:\/\/szkolalutowiska.pl\/?page_id=26\">W SKR\u00d3CIE O SZKOLE<\/a><\/p>\n\n\n\n<p class=\"has-ascend-primary-light-color has-text-color has-medium-font-size\"><a href=\"https:\/\/szkolalutowiska.pl\/?page_id=51\" data-type=\"URL\" data-id=\"https:\/\/szkolalutowiska.pl\/?page_id=51\">HISTORIA SZKO\u0141Y<\/a><\/p>\n\n\n\n<p class=\"has-ascend-primary-light-color has-text-color has-medium-font-size\"><a href=\"https:\/\/szkolalutowiska.pl\/?page_id=55\" data-type=\"URL\" data-id=\"https:\/\/szkolalutowiska.pl\/?page_id=55\">DYREKCJA<\/a><\/p>\n\n\n\n<p class=\"has-ascend-primary-light-color has-text-color has-medium-font-size\"><a href=\"https:\/\/szkolalutowiska.pl\/?page_id=66\" data-type=\"URL\" data-id=\"https:\/\/szkolalutowiska.pl\/?page_id=66\">RADA RODZIC\u00d3W<\/a><\/p>\n\n\n\n<p class=\"has-ascend-primary-light-color has-text-color has-medium-font-size\"><a href=\"https:\/\/szkolalutowiska.pl\/?page_id=58\" data-type=\"URL\" data-id=\"https:\/\/szkolalutowiska.pl\/?page_id=58\">ZDALNA SZKO\u0141A +<\/a><\/p>\n\n\n\n<p class=\"has-ascend-primary-light-color has-text-color has-medium-font-size\"><a href=\"https:\/\/szkolalutowiska.pl\/?page_id=62\" data-type=\"URL\" data-id=\"https:\/\/szkolalutowiska.pl\/?page_id=62\">ZDALNA SZKO\u0141A<\/a><\/p>\n","protected":false},"excerpt":{"rendered":"<p>W SKR\u00d3CIE O SZKOLE HISTORIA SZKO\u0141Y DYREKCJA RADA RODZIC\u00d3W ZDALNA SZKO\u0141A + ZDALNA SZKO\u0141A<\/p>\n","protected":false},"author":1,"featured_media":0,"parent":0,"menu_order":0,"comment_status":"closed","ping_status":"closed","template":"","meta":{"kt_blocks_editor_width":"","footnotes":""},"class_list":["post-23","page","type-page","status-publish","hentry"],"_links":{"self":[{"href":"https:\/\/szkolalutowiska.pl\/index.php?rest_route=\/wp\/v2\/pages\/23","targetHints":{"allow":["GET"]}}],"collection":[{"href":"https:\/\/szkolalutowiska.pl\/index.php?rest_route=\/wp\/v2\/pages"}],"about":[{"href":"https:\/\/szkolalutowiska.pl\/index.php?rest_route=\/wp\/v2\/types\/page"}],"author":[{"embeddable":true,"href":"https:\/\/szkolalutowiska.pl\/index.php?rest_route=\/wp\/v2\/users\/1"}],"replies":[{"embeddable":true,"href":"https:\/\/szkolalutowiska.pl\/index.php?rest_route=%2Fwp%2Fv2%2Fcomments&post=23"}],"version-history":[{"count":3,"href":"https:\/\/szkolalutowiska.pl\/index.php?rest_route=\/wp\/v2\/pages\/23\/revisions"}],"predecessor-version":[{"id":101,"href":"https:\/\/szkolalutowiska.pl\/index.php?rest_route=\/wp\/v2\/pages\/23\/revisions\/101"}],"wp:attachment":[{"href":"https:\/\/szkolalutowiska.pl\/index.php?rest_route=%2Fwp%2Fv2%2Fmedia&parent=23"}],"curies":[{"name":"wp","href":"https:\/\/api.w.org\/{rel}","templated":true}]}}