{"id":132,"date":"2023-03-30T18:42:36","date_gmt":"2023-03-30T18:42:36","guid":{"rendered":"https:\/\/szkolalutowiska.pl\/?page_id=132"},"modified":"2024-03-13T09:47:38","modified_gmt":"2024-03-13T09:47:38","slug":"swietlica-szkolna","status":"publish","type":"page","link":"https:\/\/szkolalutowiska.pl\/?page_id=132","title":{"rendered":"\u015awietlica szkolna"},"content":{"rendered":"\n<p><strong><a href=\"https:\/\/drive.google.com\/file\/d\/1Y3oZZU1j_BcxLJcWp6jZdHzUi3NqlS-U\/view\">Karta zg\u0142oszenia dziecka do \u015bwietlicy-<\/a><\/strong>do pobrania<br><a href=\"http:\/\/szkolalutowiska.blogspot.com\/2015\/01\/swietlica.html\">\u015awietlica<\/a>\u00a0zdj\u0119cia<\/p>\n\n\n\n<p><strong><em><u>Sukcesy uczni\u00f3w osi\u0105gane w konkursach.<\/u><\/em><\/strong><br><a href=\"http:\/\/szkolalutowiska.blogspot.com\/2013\/12\/wyniki-konkursu-plastycznego-dobranocki.html\">&#8222;Dobranocki z dawnych lat&#8221;<\/a><\/p>\n\n\n\n<p><a href=\"https:\/\/www.blogger.com\/blog\/post\/edit\/6502900921243971664\/2203744309388131282\">Konkursy &#8222;Dobranocki z dawnych lat&#8221; i &#8222;Anio\u0142y, anio\u0142ki&#8230;&#8221;<\/a><\/p>\n\n\n\n<p><a href=\"http:\/\/szkolalutowiska.blogspot.com\/2013\/12\/wyniki-ogolnopolskiego-konkursu.html\">Wyniki og\u00f3lnopolskiego konkursu plastycznego<\/a><br><a href=\"http:\/\/szkolalutowiska.blogspot.com\/2013\/12\/wyniki-podkarpackiego-konkursu.html\">Wyniki Podkarpackiego Konkursu plastycznego<\/a><br><a href=\"http:\/\/szkolalutowiska.blogspot.com\/2015\/01\/nasze-osiagniecia.html\">Nasze osi\u0105gni\u0119cia<\/a><br><a href=\"http:\/\/szkolalutowiska.blogspot.com\/2015\/01\/konkursu-plastycznego-muzykujace.html\">Konkurs plastyczny &#8222;Muzykuj\u0105ce anio\u0142y&#8221;<\/a><br><a href=\"http:\/\/szkolalutowiska.blogspot.com\/2015\/04\/wiosna-w-papierowym-ogrodzie.html\">Wiosna w papierowym ogrodzie<\/a><br><a href=\"http:\/\/szkolalutowiska.blogspot.com\/2015\/11\/apel-poswiecony-papiezowi-janowi-pawowi.html\">Apel z okazji Dnia Papieskiego<\/a><br><a href=\"http:\/\/szkolalutowiska.blogspot.com\/2015\/12\/wyniki-konkursu-wojewodzkiego-i.html\">Wyniki konkursu wojew\u00f3dzkiego i og\u00f3lnopolskiego<\/a><br><a href=\"http:\/\/szkolalutowiska.blogspot.com\/2016\/03\/konkurs-plastyczney-anioy-anioki.html\">Rozstrzygni\u0119cie konkursu plastycznego-anio\u0142y<\/a><br><a href=\"https:\/\/docs.google.com\/viewer?a=v&amp;pid=sites&amp;srcid=ZGVmYXVsdGRvbWFpbnxwbGlraXB1YmxpY3puZXxneDoxMTllNzZmMzE1NTBjMTcz\">Konkurs ortograficzny<\/a><br><a href=\"http:\/\/szkolalutowiska.blogspot.com\/2018\/06\/wyniki-konkursu-origami.html\">Wyniki konkursu origami<\/a><br><a href=\"https:\/\/szkolalutowiska.blogspot.com\/2019\/05\/miedzyszkolny-konkurs-plastyczny-pt-moj.html\">Mi\u0119dzyszkolny konkurs plastyczny &#8222;M\u00f3j wymarzony ogr\u00f3d&#8221;<\/a><\/p>\n\n\n\n<p><a href=\"https:\/\/drive.google.com\/file\/d\/1eKAxAs6dOdvADgM0S_D4IunbcqvkraQA\/view\">Konkurs &#8222;Moja Niesko\u0144czona Wyobra\u017ania&#8221;<\/a><\/p>\n\n\n\n<p><a href=\"https:\/\/drive.google.com\/file\/d\/1cGkhjTwUNrURSuXeY7pBpVEeGaTjv1Ak\/view\">Konkurs -Mieszkam w Beskidach oraz Bombka Bo\u017conarodzeniowa<\/a><\/p>\n\n\n\n<p><a href=\"https:\/\/drive.google.com\/file\/d\/1ViFP-G6gGM3WpB4ld2V3ny02Ve6IOmTa\/view\">Konkurs &#8211; Rysowane wierszyki<\/a><\/p>\n\n\n\n<p><a href=\"https:\/\/drive.google.com\/file\/d\/1er-ziyDmwDzJjGqgEIF42WYmIoNDgTZ5\/view\">Konkurs &#8222;Zaczarowany \u015bwiat ba\u015bni Hansa Christiana Andersena&#8221;<\/a><\/p>\n","protected":false},"excerpt":{"rendered":"<p>Karta zg\u0142oszenia dziecka do \u015bwietlicy-do pobrania\u015awietlica\u00a0zdj\u0119cia Sukcesy uczni\u00f3w osi\u0105gane w konkursach.&#8222;Dobranocki z dawnych lat&#8221; Konkursy &#8222;Dobranocki z dawnych lat&#8221; i &#8222;Anio\u0142y, anio\u0142ki&#8230;&#8221; Wyniki og\u00f3lnopolskiego konkursu plastycznegoWyniki Podkarpackiego Konkursu plastycznegoNasze osi\u0105gni\u0119ciaKonkurs plastyczny &#8222;Muzykuj\u0105ce anio\u0142y&#8221;Wiosna w papierowym ogrodzieApel z okazji Dnia PapieskiegoWyniki &hellip; <a class=\"kt-excerpt-readmore more-link\" href=\"https:\/\/szkolalutowiska.pl\/?page_id=132\">Read More<\/a><\/p>\n","protected":false},"author":1,"featured_media":0,"parent":0,"menu_order":0,"comment_status":"closed","ping_status":"closed","template":"","meta":{"kt_blocks_editor_width":"","footnotes":""},"class_list":["post-132","page","type-page","status-publish","hentry"],"_links":{"self":[{"href":"https:\/\/szkolalutowiska.pl\/index.php?rest_route=\/wp\/v2\/pages\/132","targetHints":{"allow":["GET"]}}],"collection":[{"href":"https:\/\/szkolalutowiska.pl\/index.php?rest_route=\/wp\/v2\/pages"}],"about":[{"href":"https:\/\/szkolalutowiska.pl\/index.php?rest_route=\/wp\/v2\/types\/page"}],"author":[{"embeddable":true,"href":"https:\/\/szkolalutowiska.pl\/index.php?rest_route=\/wp\/v2\/users\/1"}],"replies":[{"embeddable":true,"href":"https:\/\/szkolalutowiska.pl\/index.php?rest_route=%2Fwp%2Fv2%2Fcomments&post=132"}],"version-history":[{"count":2,"href":"https:\/\/szkolalutowiska.pl\/index.php?rest_route=\/wp\/v2\/pages\/132\/revisions"}],"predecessor-version":[{"id":544,"href":"https:\/\/szkolalutowiska.pl\/index.php?rest_route=\/wp\/v2\/pages\/132\/revisions\/544"}],"wp:attachment":[{"href":"https:\/\/szkolalutowiska.pl\/index.php?rest_route=%2Fwp%2Fv2%2Fmedia&parent=132"}],"curies":[{"name":"wp","href":"https:\/\/api.w.org\/{rel}","templated":true}]}}