{"id":114,"date":"2023-03-30T18:37:52","date_gmt":"2023-03-30T18:37:52","guid":{"rendered":"https:\/\/szkolalutowiska.pl\/?page_id=114"},"modified":"2023-03-30T18:37:53","modified_gmt":"2023-03-30T18:37:53","slug":"lekcje-i-przerwy","status":"publish","type":"page","link":"https:\/\/szkolalutowiska.pl\/?page_id=114","title":{"rendered":"Lekcje i przerwy"},"content":{"rendered":"\n<p>Rozpoczynanie zaj\u0119\u0107 i czas trwania przerw<\/p>\n\n\n\n<p>w&nbsp; Szkole&nbsp; Podstawowej Zespo\u0142u Szk\u00f3\u0142 w Lutowiskach<\/p>\n\n\n\n<p>&nbsp;( pozytywna opinia Rady Rodzic\u00f3w z dnia 12.09.2019 r. i Samorz\u0105du Uczniowskiego)<\/p>\n\n\n\n<figure class=\"wp-block-table\"><table><tbody><tr><td>&nbsp;<\/td><td><strong>&nbsp;<\/strong> <strong>LEKCJE<\/strong> <strong>&nbsp;<\/strong><\/td><td><strong>&nbsp;<\/strong> <strong>PRZERWY<\/strong><\/td><\/tr><tr><td><strong>1.<\/strong><\/td><td><strong>07:55 \u2013 08:40<\/strong> <strong>&nbsp;<\/strong><\/td><td><strong>08:40 \u2013 08:45<\/strong><\/td><\/tr><tr><td><strong>2.<\/strong><\/td><td><strong>08:45 \u2013 09:30<\/strong> <strong>&nbsp;<\/strong><\/td><td><strong>09:30 \u2013 09:35<\/strong><\/td><\/tr><tr><td><strong>3.<\/strong><\/td><td><strong>09:35 \u2013 10:20<\/strong> <strong>&nbsp;<\/strong><\/td><td><strong>10:20 \u2013 10:25<\/strong><\/td><\/tr><tr><td><strong>4.<\/strong><\/td><td><strong>10:25 \u2013 11:10<\/strong> <strong>&nbsp;<\/strong><\/td><td><strong>11:10 \u2013 11:30<\/strong><\/td><\/tr><tr><td><strong>5.<\/strong><\/td><td><strong>11:30 \u2013 12:15<\/strong> <strong>&nbsp;<\/strong><\/td><td><strong>12:15 \u2013 12:25<\/strong><\/td><\/tr><tr><td><strong>6.<\/strong><\/td><td><strong>12:25 \u2013 13:10<\/strong> <strong>&nbsp;<\/strong><\/td><td><strong>13:10 \u2013 13:20<\/strong><\/td><\/tr><tr><td><strong>7.<\/strong><\/td><td><strong>13:20 \u2013 14:05<\/strong> <strong>&nbsp;<\/strong><\/td><td><strong>14:05 \u2013 14:10<\/strong><\/td><\/tr><tr><td><strong>8<\/strong><\/td><td><strong>14:10 \u2013 14:55<\/strong> <strong>&nbsp;<\/strong><\/td><td><strong>&nbsp;<\/strong><\/td><\/tr><\/tbody><\/table><\/figure>\n","protected":false},"excerpt":{"rendered":"<p>Rozpoczynanie zaj\u0119\u0107 i czas trwania przerw w&nbsp; Szkole&nbsp; Podstawowej Zespo\u0142u Szk\u00f3\u0142 w Lutowiskach &nbsp;( pozytywna opinia Rady Rodzic\u00f3w z dnia 12.09.2019 r. i Samorz\u0105du Uczniowskiego) &nbsp; &nbsp; LEKCJE &nbsp; &nbsp; PRZERWY 1. 07:55 \u2013 08:40 &nbsp; 08:40 \u2013 08:45 2. &hellip; <a class=\"kt-excerpt-readmore more-link\" href=\"https:\/\/szkolalutowiska.pl\/?page_id=114\">Read More<\/a><\/p>\n","protected":false},"author":1,"featured_media":0,"parent":0,"menu_order":0,"comment_status":"closed","ping_status":"closed","template":"","meta":{"kt_blocks_editor_width":"","footnotes":""},"class_list":["post-114","page","type-page","status-publish","hentry"],"_links":{"self":[{"href":"https:\/\/szkolalutowiska.pl\/index.php?rest_route=\/wp\/v2\/pages\/114","targetHints":{"allow":["GET"]}}],"collection":[{"href":"https:\/\/szkolalutowiska.pl\/index.php?rest_route=\/wp\/v2\/pages"}],"about":[{"href":"https:\/\/szkolalutowiska.pl\/index.php?rest_route=\/wp\/v2\/types\/page"}],"author":[{"embeddable":true,"href":"https:\/\/szkolalutowiska.pl\/index.php?rest_route=\/wp\/v2\/users\/1"}],"replies":[{"embeddable":true,"href":"https:\/\/szkolalutowiska.pl\/index.php?rest_route=%2Fwp%2Fv2%2Fcomments&post=114"}],"version-history":[{"count":1,"href":"https:\/\/szkolalutowiska.pl\/index.php?rest_route=\/wp\/v2\/pages\/114\/revisions"}],"predecessor-version":[{"id":116,"href":"https:\/\/szkolalutowiska.pl\/index.php?rest_route=\/wp\/v2\/pages\/114\/revisions\/116"}],"wp:attachment":[{"href":"https:\/\/szkolalutowiska.pl\/index.php?rest_route=%2Fwp%2Fv2%2Fmedia&parent=114"}],"curies":[{"name":"wp","href":"https:\/\/api.w.org\/{rel}","templated":true}]}}