{"id":105,"date":"2023-03-30T18:35:09","date_gmt":"2023-03-30T18:35:09","guid":{"rendered":"https:\/\/szkolalutowiska.pl\/?page_id=105"},"modified":"2026-03-24T07:54:20","modified_gmt":"2026-03-24T07:54:20","slug":"aktualne-konkursy","status":"publish","type":"page","link":"https:\/\/szkolalutowiska.pl\/?page_id=105","title":{"rendered":"Aktualne konkursy"},"content":{"rendered":"\n<p><a href=\"https:\/\/szkolalutowiska.pl\/?p=2529\">Regulamin szkolnego konkursu plastycznego pt.: \u201eBy czyta\u0107 si\u0119 chcia\u0142o \u2013 zak\u0142adk\u0119 zr\u00f3b wspania\u0142\u0105\u201d<\/a><\/p>\n\n\n\n<p><a href=\"https:\/\/drive.google.com\/file\/d\/1W4mj7epCD1ZIKgM-ubzX5dmbURXx1ArD\/view\">Za\u0142\u0105cznik do konkursu &#8222;Zak\u0142adka do ksi\u0105\u017cki&#8221; &#8211; do pobrania<\/a><\/p>\n\n\n\n<p><a href=\"https:\/\/drive.google.com\/file\/d\/1KF0JMg5c5_Ma7c2TmEYxYVOgTSJMkidN\/view\">Regulamin konkursu &#8222;M\u00f3j ulubiony bohater z ksi\u0105\u017cki&#8221;<\/a><\/p>\n\n\n\n<p><a href=\"https:\/\/drive.google.com\/file\/d\/1iOMeWoFrq0P9uhBzACcW1aSwYUz_70o1\/view\">Regulamin konkursu &#8222;Julian Tuwim &#8211; w Krainie Wierszy&#8221;<\/a><\/p>\n\n\n\n<p><a href=\"https:\/\/drive.google.com\/file\/d\/1s-229LXS1lxgtzEwcmeGwCzesrLlHJvj\/view\">Regulamin konkursu na transparent z has\u0142em o tematyce wpisuj\u0105cej si\u0119 w Og\u00f3lnopolsk\u0105 Kampani\u0119 &#8222;Dzieci\u0144stwo bez Przemocy\u201d organizowan\u0105 przez Fundacj\u0119 Dzieci Niczyje oraz Krajow\u0105 Koalicj\u0119 na rzecz Ochrony Dzieci<\/a><\/p>\n\n\n\n<p><a href=\"https:\/\/szkolalutowiska.pl\/?p=2650\">Konkurs na najd\u0142u\u017cszy \u0142a\u0144cuch choinkowy<\/a><\/p>\n\n\n\n<p><a href=\"https:\/\/szkolalutowiska.pl\/?p=2707\">\u015awi\u0119ta z bibliotek\u0105 &#8211; czyli czytelniczy kalendarz adwentowy<\/a><\/p>\n\n\n\n<p><a href=\"https:\/\/szkolalutowiska.pl\/?p=3114\">Konkurs &#8222;Flora wiosenna Bieszczad\u00f3w&#8221;<\/a><\/p>\n\n\n\n<p><\/p>\n","protected":false},"excerpt":{"rendered":"<p>Regulamin szkolnego konkursu plastycznego pt.: \u201eBy czyta\u0107 si\u0119 chcia\u0142o \u2013 zak\u0142adk\u0119 zr\u00f3b wspania\u0142\u0105\u201d Za\u0142\u0105cznik do konkursu &#8222;Zak\u0142adka do ksi\u0105\u017cki&#8221; &#8211; do pobrania Regulamin konkursu &#8222;M\u00f3j ulubiony bohater z ksi\u0105\u017cki&#8221; Regulamin konkursu &#8222;Julian Tuwim &#8211; w Krainie Wierszy&#8221; Regulamin konkursu na &hellip; <a class=\"kt-excerpt-readmore more-link\" href=\"https:\/\/szkolalutowiska.pl\/?page_id=105\">Read More<\/a><\/p>\n","protected":false},"author":1,"featured_media":0,"parent":0,"menu_order":0,"comment_status":"closed","ping_status":"closed","template":"","meta":{"kt_blocks_editor_width":"","footnotes":""},"class_list":["post-105","page","type-page","status-publish","hentry"],"_links":{"self":[{"href":"https:\/\/szkolalutowiska.pl\/index.php?rest_route=\/wp\/v2\/pages\/105","targetHints":{"allow":["GET"]}}],"collection":[{"href":"https:\/\/szkolalutowiska.pl\/index.php?rest_route=\/wp\/v2\/pages"}],"about":[{"href":"https:\/\/szkolalutowiska.pl\/index.php?rest_route=\/wp\/v2\/types\/page"}],"author":[{"embeddable":true,"href":"https:\/\/szkolalutowiska.pl\/index.php?rest_route=\/wp\/v2\/users\/1"}],"replies":[{"embeddable":true,"href":"https:\/\/szkolalutowiska.pl\/index.php?rest_route=%2Fwp%2Fv2%2Fcomments&post=105"}],"version-history":[{"count":41,"href":"https:\/\/szkolalutowiska.pl\/index.php?rest_route=\/wp\/v2\/pages\/105\/revisions"}],"predecessor-version":[{"id":3116,"href":"https:\/\/szkolalutowiska.pl\/index.php?rest_route=\/wp\/v2\/pages\/105\/revisions\/3116"}],"wp:attachment":[{"href":"https:\/\/szkolalutowiska.pl\/index.php?rest_route=%2Fwp%2Fv2%2Fmedia&parent=105"}],"curies":[{"name":"wp","href":"https:\/\/api.w.org\/{rel}","templated":true}]}}